{"id":319,"date":"2018-03-28T00:03:12","date_gmt":"2018-03-28T00:03:12","guid":{"rendered":"https:\/\/huji.wpengine.com\/nuestro-metodo-de-ensenanza-de-idiomas\/"},"modified":"2018-03-28T00:03:12","modified_gmt":"2018-03-28T00:03:12","slug":"nuestro-metodo-de-ensenanza-de-idiomas","status":"publish","type":"page","link":"https:\/\/huji.israelbiblicalstudies.com\/es-ar\/nuestro-metodo-de-ensenanza-de-idiomas\/","title":{"rendered":"Nuestro m\u00e9todo de ense\u00f1anza de idiomas"},"content":{"rendered":"<p><img loading=\"lazy\" decoding=\"async\" class=\"alignleft size-medium wp-image-175\" src=\"https:\/\/huji.wpengine.com\/wp-content\/uploads\/2017\/08\/eTeacher-in-front-of-computer-227x300-1.jpg\" alt=\"\" width=\"227\" height=\"300\" \/><\/p>\n<h2>\u00daltima tecnolog\u00eda<\/h2>\n<p>El Campus en l\u00ednea de la Universidad Hebrea est\u00e1 basada en la infraestructura de aula virtual que fue, y contin\u00faa siendo, desarrollada por eTeacher. Expandi\u00e9ndose por todo el planeta, el sistema de comunicaci\u00f3n de eTeacher asegura una experiencia de aprendizaje eficiente.<\/p>\n<p>Los idiomas se ense\u00f1an por medio de clases virtuales, las cuales est\u00e1n equipadas con una tecnolog\u00eda de videoconferencia moderna y son impartidas por profesores certificados de la Universidad Hebrea. Los estudiantes inician sesi\u00f3n desde sus computadoras personales con un nombre de usuario y contrase\u00f1a que reciben al momento de inscribirse. Las clases interactivas en tiempo real se transmiten a trav\u00e9s de audio, video y aplicaciones de &#8220;pizarra compartida&#8221;.<\/p>\n<h2>M\u00e9todo de ense\u00f1anza<\/h2>\n<p>La interacci\u00f3n bidireccional, o plataforma sincronizada, ofrece la inmediatez, la intimidad y la practicidad de las aulas convencionales y a su vez brinda la flexibilidad y comodidad de participar desde el hogar o la oficina, al otro lado del mundo.<\/p>\n<p>Los estudiantes ven al profesor por medio de una c\u00e1mara web y hablan con el instructor y sus compa\u00f1eros de clase utilizando auriculares y micr\u00f3fono, los cuales reciben antes de la primera sesi\u00f3n. Los materiales para cada lecci\u00f3n se presentan en el monitor por medio de una aplicaci\u00f3n multimedia conocida como una &#8220;pizarra virtual&#8221;. El plan de estudio incluye un conjunto de contenido acad\u00e9mico que fue desarrollado espec\u00edficamente para las modalidades en l\u00ednea.<\/p>\n<p>La mayor\u00eda de las clases consisten en peque\u00f1os grupos de 6 a 8 pupilos. Los horarios de los cursos (fechas y horas) se determinan seg\u00fan su ubicaci\u00f3n, zona horaria y preferencias personales. Se motiva a los estudiantes a enviar las tareas en l\u00ednea y aprender nuevas palabras antes de cada sesi\u00f3n. Por \u00faltimo, el programa de tutor\u00eda individual de eTeacher les permite a los estudiantes avanzar a un ritmo que se adapte a sus talentos y horario.<\/p>\n<h2>Caracter\u00edsticas adicionales<\/h2>\n<p>Adem\u00e1s de las clases virtuales semanales, y dependiendo del programa de idioma concreto, los estudiantes tienen acceso a las siguientes herramientas educacionales:<\/p>\n<p><strong>Sesi\u00f3n privada semanal<\/strong>: una reuni\u00f3n en l\u00ednea privada con el profesor. Durante estas reuniones semanales, el estudiante puede hacer preguntas, pedir explicaciones sobre alg\u00fan tema dado o hacer comentarios sobre el material del curso.<\/p>\n<p><strong>El foro<\/strong>: un foro de preguntas y respuestas disponible las 24 horas todos los d\u00edas para publicar dudas y recibir respuestas sobre asuntos relacionados al curso.<\/p>\n<p><strong>Revisi\u00f3n de tareas<\/strong>: los miembros del personal revisan la tarea y se la devuelven al pupilo por medio de correo electr\u00f3nico o a trav\u00e9s del Sistema de Gesti\u00f3n del Aprendizaje (LMS, por sus siglas en ingl\u00e9s) de eTeacher. Las respuestas de algunas tareas est\u00e1n disponibles para descargar en nuestro sitio web.<\/p>\n<p><strong>Libros de texto y libros de actividades<\/strong>: el material f\u00edsico para el curso y otros materiales de estudio se env\u00edan a los estudiantes por correo al poco tiempo de su inscripci\u00f3n.<\/p>\n<p><strong>Soporte t\u00e9nico<\/strong>: los pupilos pueden gozar de una l\u00ednea gratuita de soporte t\u00e9cnico a toda hora.<\/p>\n","protected":false},"excerpt":{"rendered":"<p>\u00daltima tecnolog\u00eda El Campus en l\u00ednea de la Universidad Hebrea est\u00e1 basada en la infraestructura de aula virtual que fue, y contin\u00faa siendo, desarrollada por eTeacher. Expandi\u00e9ndose por todo el planeta, el sistema de comunicaci\u00f3n de eTeacher asegura una experiencia de aprendizaje eficiente. Los idiomas se ense\u00f1an por medio de clases virtuales, las cuales est\u00e1n [&hellip;]<\/p>\n","protected":false},"author":2,"featured_media":0,"parent":0,"menu_order":0,"comment_status":"closed","ping_status":"closed","template":"","meta":{"_acf_changed":false,"footnotes":""},"class_list":["post-319","page","type-page","status-publish","hentry"],"acf":[],"yoast_head":"<!-- This site is optimized with the Yoast SEO plugin v25.0 - https:\/\/yoast.com\/wordpress\/plugins\/seo\/ -->\n<title>Nuestro m\u00e9todo de ense\u00f1anza de idiomas - The Hebrew University of Jerusalem<\/title>\n<meta name=\"robots\" content=\"index, follow, max-snippet:-1, max-image-preview:large, max-video-preview:-1\" \/>\n<link rel=\"canonical\" href=\"https:\/\/huji.israelbiblicalstudies.com\/es-ar\/nuestro-metodo-de-ensenanza-de-idiomas\/\" \/>\n<meta property=\"og:locale\" content=\"es_ES\" \/>\n<meta property=\"og:type\" content=\"article\" \/>\n<meta property=\"og:title\" content=\"Nuestro m\u00e9todo de ense\u00f1anza de idiomas - The Hebrew University of Jerusalem\" \/>\n<meta property=\"og:description\" content=\"\u00daltima tecnolog\u00eda El Campus en l\u00ednea de la Universidad Hebrea est\u00e1 basada en la infraestructura de aula virtual que fue, y contin\u00faa siendo, desarrollada por eTeacher. Expandi\u00e9ndose por todo el planeta, el sistema de comunicaci\u00f3n de eTeacher asegura una experiencia de aprendizaje eficiente. Los idiomas se ense\u00f1an por medio de clases virtuales, las cuales est\u00e1n [&hellip;]\" \/>\n<meta property=\"og:url\" content=\"https:\/\/huji.israelbiblicalstudies.com\/es-ar\/nuestro-metodo-de-ensenanza-de-idiomas\/\" \/>\n<meta property=\"og:site_name\" content=\"The Hebrew University of Jerusalem\" \/>\n<meta property=\"article:publisher\" content=\"https:\/\/www.facebook.com\/HebrewU\" \/>\n<meta property=\"og:image\" content=\"https:\/\/huji.wpengine.com\/wp-content\/uploads\/2017\/08\/eTeacher-in-front-of-computer-227x300-1.jpg\" \/>\n<meta name=\"twitter:card\" content=\"summary_large_image\" \/>\n<meta name=\"twitter:label1\" content=\"Tiempo de lectura\" \/>\n\t<meta name=\"twitter:data1\" content=\"3 minutos\" \/>\n<script type=\"application\/ld+json\" class=\"yoast-schema-graph\">{\"@context\":\"https:\/\/schema.org\",\"@graph\":[{\"@type\":\"WebPage\",\"@id\":\"https:\/\/huji.israelbiblicalstudies.com\/es-ar\/nuestro-metodo-de-ensenanza-de-idiomas\/\",\"url\":\"https:\/\/huji.israelbiblicalstudies.com\/es-ar\/nuestro-metodo-de-ensenanza-de-idiomas\/\",\"name\":\"Nuestro m\u00e9todo de ense\u00f1anza de idiomas - The Hebrew University of Jerusalem\",\"isPartOf\":{\"@id\":\"https:\/\/huji.israelbiblicalstudies.com\/#website\"},\"primaryImageOfPage\":{\"@id\":\"https:\/\/huji.israelbiblicalstudies.com\/es-ar\/nuestro-metodo-de-ensenanza-de-idiomas\/#primaryimage\"},\"image\":{\"@id\":\"https:\/\/huji.israelbiblicalstudies.com\/es-ar\/nuestro-metodo-de-ensenanza-de-idiomas\/#primaryimage\"},\"thumbnailUrl\":\"https:\/\/huji.wpengine.com\/wp-content\/uploads\/2017\/08\/eTeacher-in-front-of-computer-227x300-1.jpg\",\"datePublished\":\"2018-03-28T00:03:12+00:00\",\"breadcrumb\":{\"@id\":\"https:\/\/huji.israelbiblicalstudies.com\/es-ar\/nuestro-metodo-de-ensenanza-de-idiomas\/#breadcrumb\"},\"inLanguage\":\"es-AR\",\"potentialAction\":[{\"@type\":\"ReadAction\",\"target\":[\"https:\/\/huji.israelbiblicalstudies.com\/es-ar\/nuestro-metodo-de-ensenanza-de-idiomas\/\"]}]},{\"@type\":\"ImageObject\",\"inLanguage\":\"es-AR\",\"@id\":\"https:\/\/huji.israelbiblicalstudies.com\/es-ar\/nuestro-metodo-de-ensenanza-de-idiomas\/#primaryimage\",\"url\":\"https:\/\/huji.wpengine.com\/wp-content\/uploads\/2017\/08\/eTeacher-in-front-of-computer-227x300-1.jpg\",\"contentUrl\":\"https:\/\/huji.wpengine.com\/wp-content\/uploads\/2017\/08\/eTeacher-in-front-of-computer-227x300-1.jpg\"},{\"@type\":\"BreadcrumbList\",\"@id\":\"https:\/\/huji.israelbiblicalstudies.com\/es-ar\/nuestro-metodo-de-ensenanza-de-idiomas\/#breadcrumb\",\"itemListElement\":[{\"@type\":\"ListItem\",\"position\":1,\"name\":\"Home\",\"item\":\"https:\/\/huji.israelbiblicalstudies.com\/es-ar\/\"},{\"@type\":\"ListItem\",\"position\":2,\"name\":\"Nuestro m\u00e9todo de ense\u00f1anza de idiomas\"}]},{\"@type\":\"WebSite\",\"@id\":\"https:\/\/huji.israelbiblicalstudies.com\/#website\",\"url\":\"https:\/\/huji.israelbiblicalstudies.com\/\",\"name\":\"The Hebrew University of Jerusalem\",\"description\":\"Online Languages Program\",\"publisher\":{\"@id\":\"https:\/\/huji.israelbiblicalstudies.com\/#organization\"},\"potentialAction\":[{\"@type\":\"SearchAction\",\"target\":{\"@type\":\"EntryPoint\",\"urlTemplate\":\"https:\/\/huji.israelbiblicalstudies.com\/?s={search_term_string}\"},\"query-input\":{\"@type\":\"PropertyValueSpecification\",\"valueRequired\":true,\"valueName\":\"search_term_string\"}}],\"inLanguage\":\"es-AR\"},{\"@type\":\"Organization\",\"@id\":\"https:\/\/huji.israelbiblicalstudies.com\/#organization\",\"name\":\"The Hebrew University of Jerusalem\",\"url\":\"https:\/\/huji.israelbiblicalstudies.com\/\",\"logo\":{\"@type\":\"ImageObject\",\"inLanguage\":\"es-AR\",\"@id\":\"https:\/\/huji.israelbiblicalstudies.com\/#\/schema\/logo\/image\/\",\"url\":\"https:\/\/huji.israelbiblicalstudies.com\/wp-content\/uploads\/2017\/08\/huji_favicon.png\",\"contentUrl\":\"https:\/\/huji.israelbiblicalstudies.com\/wp-content\/uploads\/2017\/08\/huji_favicon.png\",\"width\":256,\"height\":256,\"caption\":\"The Hebrew University of Jerusalem\"},\"image\":{\"@id\":\"https:\/\/huji.israelbiblicalstudies.com\/#\/schema\/logo\/image\/\"},\"sameAs\":[\"https:\/\/www.facebook.com\/HebrewU\",\"https:\/\/www.linkedin.com\/school\/hebrew-university\/\",\"http:\/\/www.youtube.com\/user\/HebrewUniversity\"]}]}<\/script>\n<!-- \/ Yoast SEO plugin. -->","yoast_head_json":{"title":"Nuestro m\u00e9todo de ense\u00f1anza de idiomas - The Hebrew University of Jerusalem","robots":{"index":"index","follow":"follow","max-snippet":"max-snippet:-1","max-image-preview":"max-image-preview:large","max-video-preview":"max-video-preview:-1"},"canonical":"https:\/\/huji.israelbiblicalstudies.com\/es-ar\/nuestro-metodo-de-ensenanza-de-idiomas\/","og_locale":"es_ES","og_type":"article","og_title":"Nuestro m\u00e9todo de ense\u00f1anza de idiomas - The Hebrew University of Jerusalem","og_description":"\u00daltima tecnolog\u00eda El Campus en l\u00ednea de la Universidad Hebrea est\u00e1 basada en la infraestructura de aula virtual que fue, y contin\u00faa siendo, desarrollada por eTeacher. Expandi\u00e9ndose por todo el planeta, el sistema de comunicaci\u00f3n de eTeacher asegura una experiencia de aprendizaje eficiente. Los idiomas se ense\u00f1an por medio de clases virtuales, las cuales est\u00e1n [&hellip;]","og_url":"https:\/\/huji.israelbiblicalstudies.com\/es-ar\/nuestro-metodo-de-ensenanza-de-idiomas\/","og_site_name":"The Hebrew University of Jerusalem","article_publisher":"https:\/\/www.facebook.com\/HebrewU","og_image":[{"url":"https:\/\/huji.wpengine.com\/wp-content\/uploads\/2017\/08\/eTeacher-in-front-of-computer-227x300-1.jpg","type":"","width":"","height":""}],"twitter_card":"summary_large_image","twitter_misc":{"Tiempo de lectura":"3 minutos"},"schema":{"@context":"https:\/\/schema.org","@graph":[{"@type":"WebPage","@id":"https:\/\/huji.israelbiblicalstudies.com\/es-ar\/nuestro-metodo-de-ensenanza-de-idiomas\/","url":"https:\/\/huji.israelbiblicalstudies.com\/es-ar\/nuestro-metodo-de-ensenanza-de-idiomas\/","name":"Nuestro m\u00e9todo de ense\u00f1anza de idiomas - The Hebrew University of Jerusalem","isPartOf":{"@id":"https:\/\/huji.israelbiblicalstudies.com\/#website"},"primaryImageOfPage":{"@id":"https:\/\/huji.israelbiblicalstudies.com\/es-ar\/nuestro-metodo-de-ensenanza-de-idiomas\/#primaryimage"},"image":{"@id":"https:\/\/huji.israelbiblicalstudies.com\/es-ar\/nuestro-metodo-de-ensenanza-de-idiomas\/#primaryimage"},"thumbnailUrl":"https:\/\/huji.wpengine.com\/wp-content\/uploads\/2017\/08\/eTeacher-in-front-of-computer-227x300-1.jpg","datePublished":"2018-03-28T00:03:12+00:00","breadcrumb":{"@id":"https:\/\/huji.israelbiblicalstudies.com\/es-ar\/nuestro-metodo-de-ensenanza-de-idiomas\/#breadcrumb"},"inLanguage":"es-AR","potentialAction":[{"@type":"ReadAction","target":["https:\/\/huji.israelbiblicalstudies.com\/es-ar\/nuestro-metodo-de-ensenanza-de-idiomas\/"]}]},{"@type":"ImageObject","inLanguage":"es-AR","@id":"https:\/\/huji.israelbiblicalstudies.com\/es-ar\/nuestro-metodo-de-ensenanza-de-idiomas\/#primaryimage","url":"https:\/\/huji.wpengine.com\/wp-content\/uploads\/2017\/08\/eTeacher-in-front-of-computer-227x300-1.jpg","contentUrl":"https:\/\/huji.wpengine.com\/wp-content\/uploads\/2017\/08\/eTeacher-in-front-of-computer-227x300-1.jpg"},{"@type":"BreadcrumbList","@id":"https:\/\/huji.israelbiblicalstudies.com\/es-ar\/nuestro-metodo-de-ensenanza-de-idiomas\/#breadcrumb","itemListElement":[{"@type":"ListItem","position":1,"name":"Home","item":"https:\/\/huji.israelbiblicalstudies.com\/es-ar\/"},{"@type":"ListItem","position":2,"name":"Nuestro m\u00e9todo de ense\u00f1anza de idiomas"}]},{"@type":"WebSite","@id":"https:\/\/huji.israelbiblicalstudies.com\/#website","url":"https:\/\/huji.israelbiblicalstudies.com\/","name":"The Hebrew University of Jerusalem","description":"Online Languages Program","publisher":{"@id":"https:\/\/huji.israelbiblicalstudies.com\/#organization"},"potentialAction":[{"@type":"SearchAction","target":{"@type":"EntryPoint","urlTemplate":"https:\/\/huji.israelbiblicalstudies.com\/?s={search_term_string}"},"query-input":{"@type":"PropertyValueSpecification","valueRequired":true,"valueName":"search_term_string"}}],"inLanguage":"es-AR"},{"@type":"Organization","@id":"https:\/\/huji.israelbiblicalstudies.com\/#organization","name":"The Hebrew University of Jerusalem","url":"https:\/\/huji.israelbiblicalstudies.com\/","logo":{"@type":"ImageObject","inLanguage":"es-AR","@id":"https:\/\/huji.israelbiblicalstudies.com\/#\/schema\/logo\/image\/","url":"https:\/\/huji.israelbiblicalstudies.com\/wp-content\/uploads\/2017\/08\/huji_favicon.png","contentUrl":"https:\/\/huji.israelbiblicalstudies.com\/wp-content\/uploads\/2017\/08\/huji_favicon.png","width":256,"height":256,"caption":"The Hebrew University of Jerusalem"},"image":{"@id":"https:\/\/huji.israelbiblicalstudies.com\/#\/schema\/logo\/image\/"},"sameAs":["https:\/\/www.facebook.com\/HebrewU","https:\/\/www.linkedin.com\/school\/hebrew-university\/","http:\/\/www.youtube.com\/user\/HebrewUniversity"]}]}},"_links":{"self":[{"href":"https:\/\/huji.israelbiblicalstudies.com\/es-ar\/wp-json\/wp\/v2\/pages\/319","targetHints":{"allow":["GET"]}}],"collection":[{"href":"https:\/\/huji.israelbiblicalstudies.com\/es-ar\/wp-json\/wp\/v2\/pages"}],"about":[{"href":"https:\/\/huji.israelbiblicalstudies.com\/es-ar\/wp-json\/wp\/v2\/types\/page"}],"author":[{"embeddable":true,"href":"https:\/\/huji.israelbiblicalstudies.com\/es-ar\/wp-json\/wp\/v2\/users\/2"}],"replies":[{"embeddable":true,"href":"https:\/\/huji.israelbiblicalstudies.com\/es-ar\/wp-json\/wp\/v2\/comments?post=319"}],"version-history":[{"count":0,"href":"https:\/\/huji.israelbiblicalstudies.com\/es-ar\/wp-json\/wp\/v2\/pages\/319\/revisions"}],"wp:attachment":[{"href":"https:\/\/huji.israelbiblicalstudies.com\/es-ar\/wp-json\/wp\/v2\/media?parent=319"}],"curies":[{"name":"wp","href":"https:\/\/api.w.org\/{rel}","templated":true}]}}