{"id":318,"date":"2018-03-28T00:03:11","date_gmt":"2018-03-28T00:03:11","guid":{"rendered":"https:\/\/huji.wpengine.com\/acerca-de-eteacher-group\/"},"modified":"2018-03-28T00:03:11","modified_gmt":"2018-03-28T00:03:11","slug":"acerca-de-eteacher-group","status":"publish","type":"page","link":"https:\/\/huji.israelbiblicalstudies.com\/es-ar\/acerca-de-eteacher-group\/","title":{"rendered":"Acerca de eTeacher Group"},"content":{"rendered":"<p><img decoding=\"async\" src=\"https:\/\/huji.wpengine.com\/wp-content\/uploads\/2017\/08\/ETGroup_BLOGLOGO-1.jpg\" alt=\"eTeacher Group\" \/><\/p>\n<p>eTeacher es responsable de la log\u00edstica y los servicios tecnol\u00f3gicos de la Academia en l\u00ednea de la Universidad Hebrea. Por favor, <a href=\"http:\/\/huji.wpengine.com\/contact-huji\/\">cont\u00e1ctese con <span id=\"GRmark_a0e56325bb1c4a7d30ef7a0fb4e5697926dc771f_eTeacher:0\" class=\"GRcorrect\">eTeacher<\/span><\/a> ante cualquier duda, comentario o sugerencia con respecto a la inscripci\u00f3n, tareas, horarios de curso, soporte t\u00e9cnico, pagos, etc.<\/p>\n<hr \/>\n<p><a href=\"http:\/\/eteachergroup.com\" target=\"_blank\" rel=\"noopener\">eTeacher Group<\/a> es un l\u00edder internacional en educaci\u00f3n en l\u00ednea. El sello de los cursos de idiomas de eTeacher son las clases en l\u00ednea y en vivo, la flexibilidad horaria y la facilidad de aprender desde el hogar o la oficina.<\/p>\n<p>Desde febrero del a\u00f1o 2000, la Academia de Idiomas en l\u00ednea de eTeacher les ha permitido a decenas de miles de personas de m\u00e1s de 100 pa\u00edses en todo el mundo aprender un nuevo idioma y continuamente mejorar sus habilidades si tener que salir de sus casas. La misi\u00f3n de los fundadores de la empresa es combinar el poder de la tecnolog\u00eda con profesores y contenido acad\u00e9mico de m\u00e1xima categor\u00eda para brindarles a los estudiantes una experiencia de aprendizaje c\u00f3moda, profesional y productiva.<\/p>\n<p>eTeacher es una compa\u00f1\u00eda de cartera de Pamoja Capital, una empresa de inversiones privada de origen suizo que cree en generar valor a largo plazo y realizar inversiones socialmente responsables a nivel global en varias \u00e1reas, siendo la educaci\u00f3n una de ellas. Nuestra larga relaci\u00f3n con profesores y ling\u00fcistas de la Universidad Hebrea de Jerusal\u00e9n ha evolucionado en un emprendimiento en conjunto, el cual recientemente fue consolidado con la creaci\u00f3n del primer Programa de Idiomas en l\u00ednea de la universidad.<\/p>\n<p>Visite<\/p>\n<p><a href=\"http:\/\/eteachergroup.com\" target=\"_blank\" rel=\"noopener\"> la Academia de Idiomas en l\u00ednea de eTeacher<\/a><\/p>\n<p><a href=\"http:\/\/www.eteacherhebrew.com\" target=\"_blank\" rel=\"noopener\">eTeacherHebrew.com &#8211; Aprenda Hebreo Moderno en l\u00ednea<\/a><\/p>\n<p><a href=\"https:\/\/israelbiblicalstudies.com\" target=\"_blank\" rel=\"noopener\">eTeacherBiblical &#8211; Aprenda Hebreo B\u00edblico<\/a>\u00a0, <a href=\"https:\/\/israelbiblicalstudies.com\/biblical-languages\/#biblical-aramaic\" target=\"_blank\" rel=\"noopener\">Arameo B\u00edblico<\/a> y <a href=\"https:\/\/israelbiblicalstudies.com\/biblical-languages\/#biblical-greek\" target=\"_blank\" rel=\"noopener\">Griego B\u00edblico en l\u00ednea<\/a><\/p>\n","protected":false},"excerpt":{"rendered":"<p>eTeacher es responsable de la log\u00edstica y los servicios tecnol\u00f3gicos de la Academia en l\u00ednea de la Universidad Hebrea. Por favor, cont\u00e1ctese con eTeacher ante cualquier duda, comentario o sugerencia con respecto a la inscripci\u00f3n, tareas, horarios de curso, soporte t\u00e9cnico, pagos, etc. eTeacher Group es un l\u00edder internacional en educaci\u00f3n en l\u00ednea. El sello [&hellip;]<\/p>\n","protected":false},"author":2,"featured_media":0,"parent":0,"menu_order":0,"comment_status":"closed","ping_status":"closed","template":"","meta":{"_acf_changed":false,"footnotes":""},"class_list":["post-318","page","type-page","status-publish","hentry"],"acf":[],"yoast_head":"<!-- This site is optimized with the Yoast SEO plugin v25.0 - https:\/\/yoast.com\/wordpress\/plugins\/seo\/ -->\n<title>Acerca de eTeacher Group - The Hebrew University of Jerusalem<\/title>\n<meta name=\"robots\" content=\"index, follow, max-snippet:-1, max-image-preview:large, max-video-preview:-1\" \/>\n<link rel=\"canonical\" href=\"https:\/\/huji.israelbiblicalstudies.com\/es-ar\/acerca-de-eteacher-group\/\" \/>\n<meta property=\"og:locale\" content=\"es_ES\" \/>\n<meta property=\"og:type\" content=\"article\" \/>\n<meta property=\"og:title\" content=\"Acerca de eTeacher Group - The Hebrew University of Jerusalem\" \/>\n<meta property=\"og:description\" content=\"eTeacher es responsable de la log\u00edstica y los servicios tecnol\u00f3gicos de la Academia en l\u00ednea de la Universidad Hebrea. Por favor, cont\u00e1ctese con eTeacher ante cualquier duda, comentario o sugerencia con respecto a la inscripci\u00f3n, tareas, horarios de curso, soporte t\u00e9cnico, pagos, etc. eTeacher Group es un l\u00edder internacional en educaci\u00f3n en l\u00ednea. El sello [&hellip;]\" \/>\n<meta property=\"og:url\" content=\"https:\/\/huji.israelbiblicalstudies.com\/es-ar\/acerca-de-eteacher-group\/\" \/>\n<meta property=\"og:site_name\" content=\"The Hebrew University of Jerusalem\" \/>\n<meta property=\"article:publisher\" content=\"https:\/\/www.facebook.com\/HebrewU\" \/>\n<meta property=\"og:image\" content=\"https:\/\/huji.wpengine.com\/wp-content\/uploads\/2017\/08\/ETGroup_BLOGLOGO-1.jpg\" \/>\n<meta name=\"twitter:card\" content=\"summary_large_image\" \/>\n<meta name=\"twitter:label1\" content=\"Tiempo de lectura\" \/>\n\t<meta name=\"twitter:data1\" content=\"2 minutos\" \/>\n<script type=\"application\/ld+json\" class=\"yoast-schema-graph\">{\"@context\":\"https:\/\/schema.org\",\"@graph\":[{\"@type\":\"WebPage\",\"@id\":\"https:\/\/huji.israelbiblicalstudies.com\/es-ar\/acerca-de-eteacher-group\/\",\"url\":\"https:\/\/huji.israelbiblicalstudies.com\/es-ar\/acerca-de-eteacher-group\/\",\"name\":\"Acerca de eTeacher Group - The Hebrew University of Jerusalem\",\"isPartOf\":{\"@id\":\"https:\/\/huji.israelbiblicalstudies.com\/#website\"},\"primaryImageOfPage\":{\"@id\":\"https:\/\/huji.israelbiblicalstudies.com\/es-ar\/acerca-de-eteacher-group\/#primaryimage\"},\"image\":{\"@id\":\"https:\/\/huji.israelbiblicalstudies.com\/es-ar\/acerca-de-eteacher-group\/#primaryimage\"},\"thumbnailUrl\":\"https:\/\/huji.wpengine.com\/wp-content\/uploads\/2017\/08\/ETGroup_BLOGLOGO-1.jpg\",\"datePublished\":\"2018-03-28T00:03:11+00:00\",\"breadcrumb\":{\"@id\":\"https:\/\/huji.israelbiblicalstudies.com\/es-ar\/acerca-de-eteacher-group\/#breadcrumb\"},\"inLanguage\":\"es-AR\",\"potentialAction\":[{\"@type\":\"ReadAction\",\"target\":[\"https:\/\/huji.israelbiblicalstudies.com\/es-ar\/acerca-de-eteacher-group\/\"]}]},{\"@type\":\"ImageObject\",\"inLanguage\":\"es-AR\",\"@id\":\"https:\/\/huji.israelbiblicalstudies.com\/es-ar\/acerca-de-eteacher-group\/#primaryimage\",\"url\":\"https:\/\/huji.wpengine.com\/wp-content\/uploads\/2017\/08\/ETGroup_BLOGLOGO-1.jpg\",\"contentUrl\":\"https:\/\/huji.wpengine.com\/wp-content\/uploads\/2017\/08\/ETGroup_BLOGLOGO-1.jpg\"},{\"@type\":\"BreadcrumbList\",\"@id\":\"https:\/\/huji.israelbiblicalstudies.com\/es-ar\/acerca-de-eteacher-group\/#breadcrumb\",\"itemListElement\":[{\"@type\":\"ListItem\",\"position\":1,\"name\":\"Home\",\"item\":\"https:\/\/huji.israelbiblicalstudies.com\/es-ar\/\"},{\"@type\":\"ListItem\",\"position\":2,\"name\":\"Acerca de eTeacher Group\"}]},{\"@type\":\"WebSite\",\"@id\":\"https:\/\/huji.israelbiblicalstudies.com\/#website\",\"url\":\"https:\/\/huji.israelbiblicalstudies.com\/\",\"name\":\"The Hebrew University of Jerusalem\",\"description\":\"Online Languages Program\",\"publisher\":{\"@id\":\"https:\/\/huji.israelbiblicalstudies.com\/#organization\"},\"potentialAction\":[{\"@type\":\"SearchAction\",\"target\":{\"@type\":\"EntryPoint\",\"urlTemplate\":\"https:\/\/huji.israelbiblicalstudies.com\/?s={search_term_string}\"},\"query-input\":{\"@type\":\"PropertyValueSpecification\",\"valueRequired\":true,\"valueName\":\"search_term_string\"}}],\"inLanguage\":\"es-AR\"},{\"@type\":\"Organization\",\"@id\":\"https:\/\/huji.israelbiblicalstudies.com\/#organization\",\"name\":\"The Hebrew University of Jerusalem\",\"url\":\"https:\/\/huji.israelbiblicalstudies.com\/\",\"logo\":{\"@type\":\"ImageObject\",\"inLanguage\":\"es-AR\",\"@id\":\"https:\/\/huji.israelbiblicalstudies.com\/#\/schema\/logo\/image\/\",\"url\":\"https:\/\/huji.israelbiblicalstudies.com\/wp-content\/uploads\/2017\/08\/huji_favicon.png\",\"contentUrl\":\"https:\/\/huji.israelbiblicalstudies.com\/wp-content\/uploads\/2017\/08\/huji_favicon.png\",\"width\":256,\"height\":256,\"caption\":\"The Hebrew University of Jerusalem\"},\"image\":{\"@id\":\"https:\/\/huji.israelbiblicalstudies.com\/#\/schema\/logo\/image\/\"},\"sameAs\":[\"https:\/\/www.facebook.com\/HebrewU\",\"https:\/\/www.linkedin.com\/school\/hebrew-university\/\",\"http:\/\/www.youtube.com\/user\/HebrewUniversity\"]}]}<\/script>\n<!-- \/ Yoast SEO plugin. -->","yoast_head_json":{"title":"Acerca de eTeacher Group - The Hebrew University of Jerusalem","robots":{"index":"index","follow":"follow","max-snippet":"max-snippet:-1","max-image-preview":"max-image-preview:large","max-video-preview":"max-video-preview:-1"},"canonical":"https:\/\/huji.israelbiblicalstudies.com\/es-ar\/acerca-de-eteacher-group\/","og_locale":"es_ES","og_type":"article","og_title":"Acerca de eTeacher Group - The Hebrew University of Jerusalem","og_description":"eTeacher es responsable de la log\u00edstica y los servicios tecnol\u00f3gicos de la Academia en l\u00ednea de la Universidad Hebrea. Por favor, cont\u00e1ctese con eTeacher ante cualquier duda, comentario o sugerencia con respecto a la inscripci\u00f3n, tareas, horarios de curso, soporte t\u00e9cnico, pagos, etc. eTeacher Group es un l\u00edder internacional en educaci\u00f3n en l\u00ednea. El sello [&hellip;]","og_url":"https:\/\/huji.israelbiblicalstudies.com\/es-ar\/acerca-de-eteacher-group\/","og_site_name":"The Hebrew University of Jerusalem","article_publisher":"https:\/\/www.facebook.com\/HebrewU","og_image":[{"url":"https:\/\/huji.wpengine.com\/wp-content\/uploads\/2017\/08\/ETGroup_BLOGLOGO-1.jpg","type":"","width":"","height":""}],"twitter_card":"summary_large_image","twitter_misc":{"Tiempo de lectura":"2 minutos"},"schema":{"@context":"https:\/\/schema.org","@graph":[{"@type":"WebPage","@id":"https:\/\/huji.israelbiblicalstudies.com\/es-ar\/acerca-de-eteacher-group\/","url":"https:\/\/huji.israelbiblicalstudies.com\/es-ar\/acerca-de-eteacher-group\/","name":"Acerca de eTeacher Group - The Hebrew University of Jerusalem","isPartOf":{"@id":"https:\/\/huji.israelbiblicalstudies.com\/#website"},"primaryImageOfPage":{"@id":"https:\/\/huji.israelbiblicalstudies.com\/es-ar\/acerca-de-eteacher-group\/#primaryimage"},"image":{"@id":"https:\/\/huji.israelbiblicalstudies.com\/es-ar\/acerca-de-eteacher-group\/#primaryimage"},"thumbnailUrl":"https:\/\/huji.wpengine.com\/wp-content\/uploads\/2017\/08\/ETGroup_BLOGLOGO-1.jpg","datePublished":"2018-03-28T00:03:11+00:00","breadcrumb":{"@id":"https:\/\/huji.israelbiblicalstudies.com\/es-ar\/acerca-de-eteacher-group\/#breadcrumb"},"inLanguage":"es-AR","potentialAction":[{"@type":"ReadAction","target":["https:\/\/huji.israelbiblicalstudies.com\/es-ar\/acerca-de-eteacher-group\/"]}]},{"@type":"ImageObject","inLanguage":"es-AR","@id":"https:\/\/huji.israelbiblicalstudies.com\/es-ar\/acerca-de-eteacher-group\/#primaryimage","url":"https:\/\/huji.wpengine.com\/wp-content\/uploads\/2017\/08\/ETGroup_BLOGLOGO-1.jpg","contentUrl":"https:\/\/huji.wpengine.com\/wp-content\/uploads\/2017\/08\/ETGroup_BLOGLOGO-1.jpg"},{"@type":"BreadcrumbList","@id":"https:\/\/huji.israelbiblicalstudies.com\/es-ar\/acerca-de-eteacher-group\/#breadcrumb","itemListElement":[{"@type":"ListItem","position":1,"name":"Home","item":"https:\/\/huji.israelbiblicalstudies.com\/es-ar\/"},{"@type":"ListItem","position":2,"name":"Acerca de eTeacher Group"}]},{"@type":"WebSite","@id":"https:\/\/huji.israelbiblicalstudies.com\/#website","url":"https:\/\/huji.israelbiblicalstudies.com\/","name":"The Hebrew University of Jerusalem","description":"Online Languages Program","publisher":{"@id":"https:\/\/huji.israelbiblicalstudies.com\/#organization"},"potentialAction":[{"@type":"SearchAction","target":{"@type":"EntryPoint","urlTemplate":"https:\/\/huji.israelbiblicalstudies.com\/?s={search_term_string}"},"query-input":{"@type":"PropertyValueSpecification","valueRequired":true,"valueName":"search_term_string"}}],"inLanguage":"es-AR"},{"@type":"Organization","@id":"https:\/\/huji.israelbiblicalstudies.com\/#organization","name":"The Hebrew University of Jerusalem","url":"https:\/\/huji.israelbiblicalstudies.com\/","logo":{"@type":"ImageObject","inLanguage":"es-AR","@id":"https:\/\/huji.israelbiblicalstudies.com\/#\/schema\/logo\/image\/","url":"https:\/\/huji.israelbiblicalstudies.com\/wp-content\/uploads\/2017\/08\/huji_favicon.png","contentUrl":"https:\/\/huji.israelbiblicalstudies.com\/wp-content\/uploads\/2017\/08\/huji_favicon.png","width":256,"height":256,"caption":"The Hebrew University of Jerusalem"},"image":{"@id":"https:\/\/huji.israelbiblicalstudies.com\/#\/schema\/logo\/image\/"},"sameAs":["https:\/\/www.facebook.com\/HebrewU","https:\/\/www.linkedin.com\/school\/hebrew-university\/","http:\/\/www.youtube.com\/user\/HebrewUniversity"]}]}},"_links":{"self":[{"href":"https:\/\/huji.israelbiblicalstudies.com\/es-ar\/wp-json\/wp\/v2\/pages\/318","targetHints":{"allow":["GET"]}}],"collection":[{"href":"https:\/\/huji.israelbiblicalstudies.com\/es-ar\/wp-json\/wp\/v2\/pages"}],"about":[{"href":"https:\/\/huji.israelbiblicalstudies.com\/es-ar\/wp-json\/wp\/v2\/types\/page"}],"author":[{"embeddable":true,"href":"https:\/\/huji.israelbiblicalstudies.com\/es-ar\/wp-json\/wp\/v2\/users\/2"}],"replies":[{"embeddable":true,"href":"https:\/\/huji.israelbiblicalstudies.com\/es-ar\/wp-json\/wp\/v2\/comments?post=318"}],"version-history":[{"count":0,"href":"https:\/\/huji.israelbiblicalstudies.com\/es-ar\/wp-json\/wp\/v2\/pages\/318\/revisions"}],"wp:attachment":[{"href":"https:\/\/huji.israelbiblicalstudies.com\/es-ar\/wp-json\/wp\/v2\/media?parent=318"}],"curies":[{"name":"wp","href":"https:\/\/api.w.org\/{rel}","templated":true}]}}