{"id":316,"date":"2018-03-28T00:03:04","date_gmt":"2018-03-28T00:03:04","guid":{"rendered":"https:\/\/huji.wpengine.com\/contactenos\/"},"modified":"2018-03-28T00:03:04","modified_gmt":"2018-03-28T00:03:04","slug":"contactenos","status":"publish","type":"page","link":"https:\/\/huji.israelbiblicalstudies.com\/es-ar\/contactenos\/","title":{"rendered":"Cont\u00e1ctenos"},"content":{"rendered":"<p><a href=\"http:\/\/eteachergroup.com\/\" target=\"_blank\" rel=\"noopener\">eTeacher<\/a> brinda la Academia en l\u00ednea de la Universidad Hebrea con todos los servicios tecnol\u00f3gicos y log\u00edsticos. Cont\u00e1ctese con eTeacher por cualquier motivo respecto a la inscripci\u00f3n, asignaci\u00f3n de clases, horarios de cursos, asuntos de soporte t\u00e9cnico, pagos, etc.<\/p>\n<h4>Solicitar informaci\u00f3n<\/h4>\n<p>Por favor llene este <a href=\"http:\/\/huji.wpengine.com\/signup\/\">formulario<\/a><\/p>\n<h4>Inscripciones y atenci\u00f3n al cliente:<\/h4>\n<h5>Por tel\u00e9fono<\/h5>\n<p>L\u00ednea gratuita de Estados Unidos y Canad\u00e1: (888) 882-2012<\/p>\n<p>L\u00ednea gratuita del Reino Unido: 020 3608 0227<\/p>\n<p>Francia: 09 75 18 00 42<\/p>\n<p>Rusia: 2774 1012<\/p>\n<p>Brasil: (11) 3958-3801<\/p>\n<p>Israel: 03-7554140<\/p>\n<p>Mundial: +1-646-712-9343<\/p>\n<h5>Por correo electr\u00f3nico<\/h5>\n<p>Facultad de Humanidades: <a href=\"mailto:humanities_sa@savion.huji.ac.il\">humanities_sa@savion.huji.ac.il<\/a><\/p>\n<p>Inscripci\u00f3n e informaci\u00f3n sobre nuestros cursos en l\u00ednea: <a href=\"mailto:advisor@eteachergroup.com\">advisor@eteachergroup.com<\/a><\/p>\n<p>\u00bfSufres problemas t\u00e9cnicos? Cont\u00e1ctese con un empleado del personal de soporte t\u00e9cnico: <a href=\"mailto:support@eteachergroup.com\">support@eteachergroup.com<\/a> o revise nuestras preguntas frecuentes en: <a href=\"http:\/\/faq.eteachergroup.com\/support\">faq.eTeacherGroup.com\/support<\/a><\/p>\n<p>Conct\u00e1ctese con un representante de atenci\u00f3n al cliente respecto a su clase: <a href=\"mailto:service@eteachergroup.com\">service@eteachergroup.com<\/a><\/p>\n","protected":false},"excerpt":{"rendered":"<p>eTeacher brinda la Academia en l\u00ednea de la Universidad Hebrea con todos los servicios tecnol\u00f3gicos y log\u00edsticos. Cont\u00e1ctese con eTeacher por cualquier motivo respecto a la inscripci\u00f3n, asignaci\u00f3n de clases, horarios de cursos, asuntos de soporte t\u00e9cnico, pagos, etc. Solicitar informaci\u00f3n Por favor llene este formulario Inscripciones y atenci\u00f3n al cliente: Por tel\u00e9fono L\u00ednea gratuita [&hellip;]<\/p>\n","protected":false},"author":2,"featured_media":0,"parent":0,"menu_order":0,"comment_status":"closed","ping_status":"closed","template":"","meta":{"_acf_changed":false,"footnotes":""},"class_list":["post-316","page","type-page","status-publish","hentry"],"acf":[],"yoast_head":"<!-- This site is optimized with the Yoast SEO plugin v25.0 - https:\/\/yoast.com\/wordpress\/plugins\/seo\/ -->\n<title>Cont\u00e1ctenos - The Hebrew University of Jerusalem<\/title>\n<meta name=\"robots\" content=\"index, follow, max-snippet:-1, max-image-preview:large, max-video-preview:-1\" \/>\n<link rel=\"canonical\" href=\"https:\/\/huji.israelbiblicalstudies.com\/es-ar\/contactenos\/\" \/>\n<meta property=\"og:locale\" content=\"es_ES\" \/>\n<meta property=\"og:type\" content=\"article\" \/>\n<meta property=\"og:title\" content=\"Cont\u00e1ctenos - The Hebrew University of Jerusalem\" \/>\n<meta property=\"og:description\" content=\"eTeacher brinda la Academia en l\u00ednea de la Universidad Hebrea con todos los servicios tecnol\u00f3gicos y log\u00edsticos. Cont\u00e1ctese con eTeacher por cualquier motivo respecto a la inscripci\u00f3n, asignaci\u00f3n de clases, horarios de cursos, asuntos de soporte t\u00e9cnico, pagos, etc. Solicitar informaci\u00f3n Por favor llene este formulario Inscripciones y atenci\u00f3n al cliente: Por tel\u00e9fono L\u00ednea gratuita [&hellip;]\" \/>\n<meta property=\"og:url\" content=\"https:\/\/huji.israelbiblicalstudies.com\/es-ar\/contactenos\/\" \/>\n<meta property=\"og:site_name\" content=\"The Hebrew University of Jerusalem\" \/>\n<meta property=\"article:publisher\" content=\"https:\/\/www.facebook.com\/HebrewU\" \/>\n<meta name=\"twitter:card\" content=\"summary_large_image\" \/>\n<meta name=\"twitter:label1\" content=\"Tiempo de lectura\" \/>\n\t<meta name=\"twitter:data1\" content=\"1 minuto\" \/>\n<script type=\"application\/ld+json\" class=\"yoast-schema-graph\">{\"@context\":\"https:\/\/schema.org\",\"@graph\":[{\"@type\":\"WebPage\",\"@id\":\"https:\/\/huji.israelbiblicalstudies.com\/es-ar\/contactenos\/\",\"url\":\"https:\/\/huji.israelbiblicalstudies.com\/es-ar\/contactenos\/\",\"name\":\"Cont\u00e1ctenos - The Hebrew University of Jerusalem\",\"isPartOf\":{\"@id\":\"https:\/\/huji.israelbiblicalstudies.com\/#website\"},\"datePublished\":\"2018-03-28T00:03:04+00:00\",\"breadcrumb\":{\"@id\":\"https:\/\/huji.israelbiblicalstudies.com\/es-ar\/contactenos\/#breadcrumb\"},\"inLanguage\":\"es-AR\",\"potentialAction\":[{\"@type\":\"ReadAction\",\"target\":[\"https:\/\/huji.israelbiblicalstudies.com\/es-ar\/contactenos\/\"]}]},{\"@type\":\"BreadcrumbList\",\"@id\":\"https:\/\/huji.israelbiblicalstudies.com\/es-ar\/contactenos\/#breadcrumb\",\"itemListElement\":[{\"@type\":\"ListItem\",\"position\":1,\"name\":\"Home\",\"item\":\"https:\/\/huji.israelbiblicalstudies.com\/es-ar\/\"},{\"@type\":\"ListItem\",\"position\":2,\"name\":\"Cont\u00e1ctenos\"}]},{\"@type\":\"WebSite\",\"@id\":\"https:\/\/huji.israelbiblicalstudies.com\/#website\",\"url\":\"https:\/\/huji.israelbiblicalstudies.com\/\",\"name\":\"The Hebrew University of Jerusalem\",\"description\":\"Online Languages Program\",\"publisher\":{\"@id\":\"https:\/\/huji.israelbiblicalstudies.com\/#organization\"},\"potentialAction\":[{\"@type\":\"SearchAction\",\"target\":{\"@type\":\"EntryPoint\",\"urlTemplate\":\"https:\/\/huji.israelbiblicalstudies.com\/?s={search_term_string}\"},\"query-input\":{\"@type\":\"PropertyValueSpecification\",\"valueRequired\":true,\"valueName\":\"search_term_string\"}}],\"inLanguage\":\"es-AR\"},{\"@type\":\"Organization\",\"@id\":\"https:\/\/huji.israelbiblicalstudies.com\/#organization\",\"name\":\"The Hebrew University of Jerusalem\",\"url\":\"https:\/\/huji.israelbiblicalstudies.com\/\",\"logo\":{\"@type\":\"ImageObject\",\"inLanguage\":\"es-AR\",\"@id\":\"https:\/\/huji.israelbiblicalstudies.com\/#\/schema\/logo\/image\/\",\"url\":\"https:\/\/huji.israelbiblicalstudies.com\/wp-content\/uploads\/2017\/08\/huji_favicon.png\",\"contentUrl\":\"https:\/\/huji.israelbiblicalstudies.com\/wp-content\/uploads\/2017\/08\/huji_favicon.png\",\"width\":256,\"height\":256,\"caption\":\"The Hebrew University of Jerusalem\"},\"image\":{\"@id\":\"https:\/\/huji.israelbiblicalstudies.com\/#\/schema\/logo\/image\/\"},\"sameAs\":[\"https:\/\/www.facebook.com\/HebrewU\",\"https:\/\/www.linkedin.com\/school\/hebrew-university\/\",\"http:\/\/www.youtube.com\/user\/HebrewUniversity\"]}]}<\/script>\n<!-- \/ Yoast SEO plugin. -->","yoast_head_json":{"title":"Cont\u00e1ctenos - The Hebrew University of Jerusalem","robots":{"index":"index","follow":"follow","max-snippet":"max-snippet:-1","max-image-preview":"max-image-preview:large","max-video-preview":"max-video-preview:-1"},"canonical":"https:\/\/huji.israelbiblicalstudies.com\/es-ar\/contactenos\/","og_locale":"es_ES","og_type":"article","og_title":"Cont\u00e1ctenos - The Hebrew University of Jerusalem","og_description":"eTeacher brinda la Academia en l\u00ednea de la Universidad Hebrea con todos los servicios tecnol\u00f3gicos y log\u00edsticos. Cont\u00e1ctese con eTeacher por cualquier motivo respecto a la inscripci\u00f3n, asignaci\u00f3n de clases, horarios de cursos, asuntos de soporte t\u00e9cnico, pagos, etc. Solicitar informaci\u00f3n Por favor llene este formulario Inscripciones y atenci\u00f3n al cliente: Por tel\u00e9fono L\u00ednea gratuita [&hellip;]","og_url":"https:\/\/huji.israelbiblicalstudies.com\/es-ar\/contactenos\/","og_site_name":"The Hebrew University of Jerusalem","article_publisher":"https:\/\/www.facebook.com\/HebrewU","twitter_card":"summary_large_image","twitter_misc":{"Tiempo de lectura":"1 minuto"},"schema":{"@context":"https:\/\/schema.org","@graph":[{"@type":"WebPage","@id":"https:\/\/huji.israelbiblicalstudies.com\/es-ar\/contactenos\/","url":"https:\/\/huji.israelbiblicalstudies.com\/es-ar\/contactenos\/","name":"Cont\u00e1ctenos - The Hebrew University of Jerusalem","isPartOf":{"@id":"https:\/\/huji.israelbiblicalstudies.com\/#website"},"datePublished":"2018-03-28T00:03:04+00:00","breadcrumb":{"@id":"https:\/\/huji.israelbiblicalstudies.com\/es-ar\/contactenos\/#breadcrumb"},"inLanguage":"es-AR","potentialAction":[{"@type":"ReadAction","target":["https:\/\/huji.israelbiblicalstudies.com\/es-ar\/contactenos\/"]}]},{"@type":"BreadcrumbList","@id":"https:\/\/huji.israelbiblicalstudies.com\/es-ar\/contactenos\/#breadcrumb","itemListElement":[{"@type":"ListItem","position":1,"name":"Home","item":"https:\/\/huji.israelbiblicalstudies.com\/es-ar\/"},{"@type":"ListItem","position":2,"name":"Cont\u00e1ctenos"}]},{"@type":"WebSite","@id":"https:\/\/huji.israelbiblicalstudies.com\/#website","url":"https:\/\/huji.israelbiblicalstudies.com\/","name":"The Hebrew University of Jerusalem","description":"Online Languages Program","publisher":{"@id":"https:\/\/huji.israelbiblicalstudies.com\/#organization"},"potentialAction":[{"@type":"SearchAction","target":{"@type":"EntryPoint","urlTemplate":"https:\/\/huji.israelbiblicalstudies.com\/?s={search_term_string}"},"query-input":{"@type":"PropertyValueSpecification","valueRequired":true,"valueName":"search_term_string"}}],"inLanguage":"es-AR"},{"@type":"Organization","@id":"https:\/\/huji.israelbiblicalstudies.com\/#organization","name":"The Hebrew University of Jerusalem","url":"https:\/\/huji.israelbiblicalstudies.com\/","logo":{"@type":"ImageObject","inLanguage":"es-AR","@id":"https:\/\/huji.israelbiblicalstudies.com\/#\/schema\/logo\/image\/","url":"https:\/\/huji.israelbiblicalstudies.com\/wp-content\/uploads\/2017\/08\/huji_favicon.png","contentUrl":"https:\/\/huji.israelbiblicalstudies.com\/wp-content\/uploads\/2017\/08\/huji_favicon.png","width":256,"height":256,"caption":"The Hebrew University of Jerusalem"},"image":{"@id":"https:\/\/huji.israelbiblicalstudies.com\/#\/schema\/logo\/image\/"},"sameAs":["https:\/\/www.facebook.com\/HebrewU","https:\/\/www.linkedin.com\/school\/hebrew-university\/","http:\/\/www.youtube.com\/user\/HebrewUniversity"]}]}},"_links":{"self":[{"href":"https:\/\/huji.israelbiblicalstudies.com\/es-ar\/wp-json\/wp\/v2\/pages\/316","targetHints":{"allow":["GET"]}}],"collection":[{"href":"https:\/\/huji.israelbiblicalstudies.com\/es-ar\/wp-json\/wp\/v2\/pages"}],"about":[{"href":"https:\/\/huji.israelbiblicalstudies.com\/es-ar\/wp-json\/wp\/v2\/types\/page"}],"author":[{"embeddable":true,"href":"https:\/\/huji.israelbiblicalstudies.com\/es-ar\/wp-json\/wp\/v2\/users\/2"}],"replies":[{"embeddable":true,"href":"https:\/\/huji.israelbiblicalstudies.com\/es-ar\/wp-json\/wp\/v2\/comments?post=316"}],"version-history":[{"count":0,"href":"https:\/\/huji.israelbiblicalstudies.com\/es-ar\/wp-json\/wp\/v2\/pages\/316\/revisions"}],"wp:attachment":[{"href":"https:\/\/huji.israelbiblicalstudies.com\/es-ar\/wp-json\/wp\/v2\/media?parent=316"}],"curies":[{"name":"wp","href":"https:\/\/api.w.org\/{rel}","templated":true}]}}