{"id":314,"date":"2018-03-28T00:02:57","date_gmt":"2018-03-28T00:02:57","guid":{"rendered":"https:\/\/huji.wpengine.com\/cooperaciones-academicas\/"},"modified":"2018-03-28T00:02:57","modified_gmt":"2018-03-28T00:02:57","slug":"cooperaciones-academicas","status":"publish","type":"page","link":"https:\/\/huji.israelbiblicalstudies.com\/es-ar\/cooperaciones-academicas\/","title":{"rendered":"Cooperaciones acad\u00e9micas"},"content":{"rendered":"<h2>eTeacher Group<\/h2>\n<p><img decoding=\"async\" src=\"https:\/\/huji.wpengine.com\/wp-content\/uploads\/2017\/08\/logo-1-1.png\" alt=\"eTeacher Group\" \/><\/p>\n<p>La Facultad de Humanidades de la Universidad Hebrea y <a href=\"http:\/\/eteachergroup.com\" target=\"_blank\" rel=\"noopener\">eTeacher Group<\/a> han unido fuerzas para crear la principal reconocida academia de idiomas en l\u00ednea del mundo. Esta excepcional colaboraci\u00f3n le ha permitido a la Universidad Hebrea brindar sus programas de idiomas de primera clase, los cuales est\u00e1n a cargo de reconocidos profesores, para estudiantes de todo el mundo.<\/p>\n<p>Afianzadas por la moderna tecnolog\u00eda de videoconferencia, todas nuestras clases interactivas en l\u00ednea se imparten en tiempo real a determinadas horas.<\/p>\n<p>Los programas en l\u00ednea tienen los mismos requisitos acad\u00e9micos que los cursos regulares de la Universidad Hebrea. Adem\u00e1s, la universidad les otorga cr\u00e9ditos acad\u00e9micos a los estudiantes <a href=\"http:\/\/israelbiblicalstudies.com\/\" target=\"_blank\" rel=\"noopener\">que aprenden nuestros cursos a distancia de Hebreo B\u00edblico<\/a>, <a href=\"https:\/\/israelbiblicalstudies.com\/biblical-languages\/#biblical-aramaic\" target=\"_blank\" rel=\"noopener\">Arameo<\/a>, o de <a href=\"https:\/\/israelbiblicalstudies.com\/biblical-languages\/#modern-hebrew\" target=\"_blank\" rel=\"noopener\">Hebreo Moderno<\/a><a href=\"http:\/\/www.eteacherhebrew.com\" target=\"_blank\" rel=\"noopener\"><\/a>.<\/p>\n<p>eTeacher tambi\u00e9n posee <a href=\"http:\/\/highwaytoenglish.com\" target=\"_blank\" rel=\"noopener\">Highwaytoenglish.com<\/a> &#8211; <a href=\"http:\/\/highwaytoenglish.com\" target=\"_blank\" rel=\"noopener\">Aprenda Ingl\u00e9s en l\u00ednea &#8211; En vivo desde los Estados Unidos<\/a><\/p>\n<p>Visite: <a href=\"http:\/\/eteachergroup.com\" target=\"_blank\" rel=\"noopener\">www.eTeacherGroup.com<\/a><\/p>\n<h2>Yissum<\/h2>\n<p><img decoding=\"async\" src=\"https:\/\/huji.wpengine.com\/wp-content\/uploads\/2017\/08\/Yissum-ogo-1.gif\" alt=\"Yissum: transferencia de tecnolog\u00eda\" \/><\/p>\n<p>Yissum es la compa\u00f1\u00eda de transferencia de tecnolog\u00eda de la Universidad Hebrea. Somos responsables de comercializar las invenciones y los conocimientos que generan los distinguidos investigadores y estudiantes de la instituci\u00f3n.<\/p>\n<p><strong>Nuestra visi\u00f3n<\/strong><\/p>\n<p>En virtud de nuestro apoyo y motivaci\u00f3n para la investigaci\u00f3n, el desarrollo y la educaci\u00f3n, Yissum transforma los frutos de la actividad cient\u00edfica en productos comerciables en beneficio de la sociedad. La propiedad intelectual de la Universidad Hebrea consiste en invenciones y conocimientos en una variedad de \u00e1reas, incluida la nanotecnolog\u00eda, la medicina y la farmacolog\u00eda, la agricultura y la nutrici\u00f3n, la hidrotecnolog\u00eda y la tecnolog\u00eda ambiental, la inform\u00e1tica, la seguridad nacional y m\u00e1s.<\/p>\n<p>Visite: <a href=\"http:\/\/www.yissum.co.il\/\" target=\"_blank\" rel=\"noopener\">http:\/\/www.yissum.co.il\/<\/a><\/p>\n<h2>Hebrew College<\/h2>\n<p><img decoding=\"async\" src=\"https:\/\/huji.wpengine.com\/wp-content\/uploads\/2017\/08\/hc-logo-1.png\" alt=\"Hebrew College\" \/><\/p>\n<p>Fundada en 1921, Hebrew College sigue el principio de que la rigurosa y pluralista educaci\u00f3n jud\u00eda es esencial para crear y sostener una vibrante comunidad jud\u00eda.<\/p>\n<p>Hebrew College adopta un papel que conecta un serio estudio acad\u00e9mico del juda\u00edsmo con las necesidades educacionales y desaf\u00edos de la comunidad. Por medio de un destacado aprendizaje de adultos y programas de educaci\u00f3n juvenil, Hebrew College aspira ser el equivalente moderno del campamento de Abraham, con sus puertas abiertas a cualquier persona que desee unirse a nuestra apasionante b\u00fasqueda de formaci\u00f3n jud\u00eda.<\/p>\n<p>Hebrew College le brinda a sus estudiantes la oportunidad de realizar cursos de idiomas para obtener cr\u00e9ditos acad\u00e9micos en el Campus de Idiomas en l\u00ednea de la Universidad Hebrea.<\/p>\n<p>Visite: <a href=\"http:\/\/www.hebrewcollege.edu\" target=\"_blank\" rel=\"noopener\">www.hebrewcollege.edu<\/a><\/p>\n","protected":false},"excerpt":{"rendered":"<p>eTeacher Group La Facultad de Humanidades de la Universidad Hebrea y eTeacher Group han unido fuerzas para crear la principal reconocida academia de idiomas en l\u00ednea del mundo. Esta excepcional colaboraci\u00f3n le ha permitido a la Universidad Hebrea brindar sus programas de idiomas de primera clase, los cuales est\u00e1n a cargo de reconocidos profesores, para [&hellip;]<\/p>\n","protected":false},"author":2,"featured_media":0,"parent":0,"menu_order":0,"comment_status":"closed","ping_status":"closed","template":"","meta":{"_acf_changed":false,"footnotes":""},"class_list":["post-314","page","type-page","status-publish","hentry"],"acf":[],"yoast_head":"<!-- This site is optimized with the Yoast SEO plugin v25.0 - https:\/\/yoast.com\/wordpress\/plugins\/seo\/ -->\n<title>Cooperaciones acad\u00e9micas - The Hebrew University of Jerusalem<\/title>\n<meta name=\"robots\" content=\"index, follow, max-snippet:-1, max-image-preview:large, max-video-preview:-1\" \/>\n<link rel=\"canonical\" href=\"https:\/\/huji.israelbiblicalstudies.com\/es-ar\/cooperaciones-academicas\/\" \/>\n<meta property=\"og:locale\" content=\"es_ES\" \/>\n<meta property=\"og:type\" content=\"article\" \/>\n<meta property=\"og:title\" content=\"Cooperaciones acad\u00e9micas - The Hebrew University of Jerusalem\" \/>\n<meta property=\"og:description\" content=\"eTeacher Group La Facultad de Humanidades de la Universidad Hebrea y eTeacher Group han unido fuerzas para crear la principal reconocida academia de idiomas en l\u00ednea del mundo. Esta excepcional colaboraci\u00f3n le ha permitido a la Universidad Hebrea brindar sus programas de idiomas de primera clase, los cuales est\u00e1n a cargo de reconocidos profesores, para [&hellip;]\" \/>\n<meta property=\"og:url\" content=\"https:\/\/huji.israelbiblicalstudies.com\/es-ar\/cooperaciones-academicas\/\" \/>\n<meta property=\"og:site_name\" content=\"The Hebrew University of Jerusalem\" \/>\n<meta property=\"article:publisher\" content=\"https:\/\/www.facebook.com\/HebrewU\" \/>\n<meta property=\"og:image\" content=\"https:\/\/huji.wpengine.com\/wp-content\/uploads\/2017\/08\/logo-1-1.png\" \/>\n<meta name=\"twitter:card\" content=\"summary_large_image\" \/>\n<meta name=\"twitter:label1\" content=\"Tiempo de lectura\" \/>\n\t<meta name=\"twitter:data1\" content=\"2 minutos\" \/>\n<script type=\"application\/ld+json\" class=\"yoast-schema-graph\">{\"@context\":\"https:\/\/schema.org\",\"@graph\":[{\"@type\":\"WebPage\",\"@id\":\"https:\/\/huji.israelbiblicalstudies.com\/es-ar\/cooperaciones-academicas\/\",\"url\":\"https:\/\/huji.israelbiblicalstudies.com\/es-ar\/cooperaciones-academicas\/\",\"name\":\"Cooperaciones acad\u00e9micas - The Hebrew University of Jerusalem\",\"isPartOf\":{\"@id\":\"https:\/\/huji.israelbiblicalstudies.com\/#website\"},\"primaryImageOfPage\":{\"@id\":\"https:\/\/huji.israelbiblicalstudies.com\/es-ar\/cooperaciones-academicas\/#primaryimage\"},\"image\":{\"@id\":\"https:\/\/huji.israelbiblicalstudies.com\/es-ar\/cooperaciones-academicas\/#primaryimage\"},\"thumbnailUrl\":\"https:\/\/huji.wpengine.com\/wp-content\/uploads\/2017\/08\/logo-1-1.png\",\"datePublished\":\"2018-03-28T00:02:57+00:00\",\"breadcrumb\":{\"@id\":\"https:\/\/huji.israelbiblicalstudies.com\/es-ar\/cooperaciones-academicas\/#breadcrumb\"},\"inLanguage\":\"es-AR\",\"potentialAction\":[{\"@type\":\"ReadAction\",\"target\":[\"https:\/\/huji.israelbiblicalstudies.com\/es-ar\/cooperaciones-academicas\/\"]}]},{\"@type\":\"ImageObject\",\"inLanguage\":\"es-AR\",\"@id\":\"https:\/\/huji.israelbiblicalstudies.com\/es-ar\/cooperaciones-academicas\/#primaryimage\",\"url\":\"https:\/\/huji.wpengine.com\/wp-content\/uploads\/2017\/08\/logo-1-1.png\",\"contentUrl\":\"https:\/\/huji.wpengine.com\/wp-content\/uploads\/2017\/08\/logo-1-1.png\"},{\"@type\":\"BreadcrumbList\",\"@id\":\"https:\/\/huji.israelbiblicalstudies.com\/es-ar\/cooperaciones-academicas\/#breadcrumb\",\"itemListElement\":[{\"@type\":\"ListItem\",\"position\":1,\"name\":\"Home\",\"item\":\"https:\/\/huji.israelbiblicalstudies.com\/es-ar\/\"},{\"@type\":\"ListItem\",\"position\":2,\"name\":\"Cooperaciones acad\u00e9micas\"}]},{\"@type\":\"WebSite\",\"@id\":\"https:\/\/huji.israelbiblicalstudies.com\/#website\",\"url\":\"https:\/\/huji.israelbiblicalstudies.com\/\",\"name\":\"The Hebrew University of Jerusalem\",\"description\":\"Online Languages Program\",\"publisher\":{\"@id\":\"https:\/\/huji.israelbiblicalstudies.com\/#organization\"},\"potentialAction\":[{\"@type\":\"SearchAction\",\"target\":{\"@type\":\"EntryPoint\",\"urlTemplate\":\"https:\/\/huji.israelbiblicalstudies.com\/?s={search_term_string}\"},\"query-input\":{\"@type\":\"PropertyValueSpecification\",\"valueRequired\":true,\"valueName\":\"search_term_string\"}}],\"inLanguage\":\"es-AR\"},{\"@type\":\"Organization\",\"@id\":\"https:\/\/huji.israelbiblicalstudies.com\/#organization\",\"name\":\"The Hebrew University of Jerusalem\",\"url\":\"https:\/\/huji.israelbiblicalstudies.com\/\",\"logo\":{\"@type\":\"ImageObject\",\"inLanguage\":\"es-AR\",\"@id\":\"https:\/\/huji.israelbiblicalstudies.com\/#\/schema\/logo\/image\/\",\"url\":\"https:\/\/huji.israelbiblicalstudies.com\/wp-content\/uploads\/2017\/08\/huji_favicon.png\",\"contentUrl\":\"https:\/\/huji.israelbiblicalstudies.com\/wp-content\/uploads\/2017\/08\/huji_favicon.png\",\"width\":256,\"height\":256,\"caption\":\"The Hebrew University of Jerusalem\"},\"image\":{\"@id\":\"https:\/\/huji.israelbiblicalstudies.com\/#\/schema\/logo\/image\/\"},\"sameAs\":[\"https:\/\/www.facebook.com\/HebrewU\",\"https:\/\/www.linkedin.com\/school\/hebrew-university\/\",\"http:\/\/www.youtube.com\/user\/HebrewUniversity\"]}]}<\/script>\n<!-- \/ Yoast SEO plugin. -->","yoast_head_json":{"title":"Cooperaciones acad\u00e9micas - The Hebrew University of Jerusalem","robots":{"index":"index","follow":"follow","max-snippet":"max-snippet:-1","max-image-preview":"max-image-preview:large","max-video-preview":"max-video-preview:-1"},"canonical":"https:\/\/huji.israelbiblicalstudies.com\/es-ar\/cooperaciones-academicas\/","og_locale":"es_ES","og_type":"article","og_title":"Cooperaciones acad\u00e9micas - The Hebrew University of Jerusalem","og_description":"eTeacher Group La Facultad de Humanidades de la Universidad Hebrea y eTeacher Group han unido fuerzas para crear la principal reconocida academia de idiomas en l\u00ednea del mundo. Esta excepcional colaboraci\u00f3n le ha permitido a la Universidad Hebrea brindar sus programas de idiomas de primera clase, los cuales est\u00e1n a cargo de reconocidos profesores, para [&hellip;]","og_url":"https:\/\/huji.israelbiblicalstudies.com\/es-ar\/cooperaciones-academicas\/","og_site_name":"The Hebrew University of Jerusalem","article_publisher":"https:\/\/www.facebook.com\/HebrewU","og_image":[{"url":"https:\/\/huji.wpengine.com\/wp-content\/uploads\/2017\/08\/logo-1-1.png","type":"","width":"","height":""}],"twitter_card":"summary_large_image","twitter_misc":{"Tiempo de lectura":"2 minutos"},"schema":{"@context":"https:\/\/schema.org","@graph":[{"@type":"WebPage","@id":"https:\/\/huji.israelbiblicalstudies.com\/es-ar\/cooperaciones-academicas\/","url":"https:\/\/huji.israelbiblicalstudies.com\/es-ar\/cooperaciones-academicas\/","name":"Cooperaciones acad\u00e9micas - The Hebrew University of Jerusalem","isPartOf":{"@id":"https:\/\/huji.israelbiblicalstudies.com\/#website"},"primaryImageOfPage":{"@id":"https:\/\/huji.israelbiblicalstudies.com\/es-ar\/cooperaciones-academicas\/#primaryimage"},"image":{"@id":"https:\/\/huji.israelbiblicalstudies.com\/es-ar\/cooperaciones-academicas\/#primaryimage"},"thumbnailUrl":"https:\/\/huji.wpengine.com\/wp-content\/uploads\/2017\/08\/logo-1-1.png","datePublished":"2018-03-28T00:02:57+00:00","breadcrumb":{"@id":"https:\/\/huji.israelbiblicalstudies.com\/es-ar\/cooperaciones-academicas\/#breadcrumb"},"inLanguage":"es-AR","potentialAction":[{"@type":"ReadAction","target":["https:\/\/huji.israelbiblicalstudies.com\/es-ar\/cooperaciones-academicas\/"]}]},{"@type":"ImageObject","inLanguage":"es-AR","@id":"https:\/\/huji.israelbiblicalstudies.com\/es-ar\/cooperaciones-academicas\/#primaryimage","url":"https:\/\/huji.wpengine.com\/wp-content\/uploads\/2017\/08\/logo-1-1.png","contentUrl":"https:\/\/huji.wpengine.com\/wp-content\/uploads\/2017\/08\/logo-1-1.png"},{"@type":"BreadcrumbList","@id":"https:\/\/huji.israelbiblicalstudies.com\/es-ar\/cooperaciones-academicas\/#breadcrumb","itemListElement":[{"@type":"ListItem","position":1,"name":"Home","item":"https:\/\/huji.israelbiblicalstudies.com\/es-ar\/"},{"@type":"ListItem","position":2,"name":"Cooperaciones acad\u00e9micas"}]},{"@type":"WebSite","@id":"https:\/\/huji.israelbiblicalstudies.com\/#website","url":"https:\/\/huji.israelbiblicalstudies.com\/","name":"The Hebrew University of Jerusalem","description":"Online Languages Program","publisher":{"@id":"https:\/\/huji.israelbiblicalstudies.com\/#organization"},"potentialAction":[{"@type":"SearchAction","target":{"@type":"EntryPoint","urlTemplate":"https:\/\/huji.israelbiblicalstudies.com\/?s={search_term_string}"},"query-input":{"@type":"PropertyValueSpecification","valueRequired":true,"valueName":"search_term_string"}}],"inLanguage":"es-AR"},{"@type":"Organization","@id":"https:\/\/huji.israelbiblicalstudies.com\/#organization","name":"The Hebrew University of Jerusalem","url":"https:\/\/huji.israelbiblicalstudies.com\/","logo":{"@type":"ImageObject","inLanguage":"es-AR","@id":"https:\/\/huji.israelbiblicalstudies.com\/#\/schema\/logo\/image\/","url":"https:\/\/huji.israelbiblicalstudies.com\/wp-content\/uploads\/2017\/08\/huji_favicon.png","contentUrl":"https:\/\/huji.israelbiblicalstudies.com\/wp-content\/uploads\/2017\/08\/huji_favicon.png","width":256,"height":256,"caption":"The Hebrew University of Jerusalem"},"image":{"@id":"https:\/\/huji.israelbiblicalstudies.com\/#\/schema\/logo\/image\/"},"sameAs":["https:\/\/www.facebook.com\/HebrewU","https:\/\/www.linkedin.com\/school\/hebrew-university\/","http:\/\/www.youtube.com\/user\/HebrewUniversity"]}]}},"_links":{"self":[{"href":"https:\/\/huji.israelbiblicalstudies.com\/es-ar\/wp-json\/wp\/v2\/pages\/314","targetHints":{"allow":["GET"]}}],"collection":[{"href":"https:\/\/huji.israelbiblicalstudies.com\/es-ar\/wp-json\/wp\/v2\/pages"}],"about":[{"href":"https:\/\/huji.israelbiblicalstudies.com\/es-ar\/wp-json\/wp\/v2\/types\/page"}],"author":[{"embeddable":true,"href":"https:\/\/huji.israelbiblicalstudies.com\/es-ar\/wp-json\/wp\/v2\/users\/2"}],"replies":[{"embeddable":true,"href":"https:\/\/huji.israelbiblicalstudies.com\/es-ar\/wp-json\/wp\/v2\/comments?post=314"}],"version-history":[{"count":0,"href":"https:\/\/huji.israelbiblicalstudies.com\/es-ar\/wp-json\/wp\/v2\/pages\/314\/revisions"}],"wp:attachment":[{"href":"https:\/\/huji.israelbiblicalstudies.com\/es-ar\/wp-json\/wp\/v2\/media?parent=314"}],"curies":[{"name":"wp","href":"https:\/\/api.w.org\/{rel}","templated":true}]}}